{"id":64,"date":"2024-02-25T14:26:14","date_gmt":"2024-02-25T13:26:14","guid":{"rendered":"http:\/\/hdsecur.cluster027.hosting.ovh.net\/?page_id=64"},"modified":"2024-10-14T12:17:55","modified_gmt":"2024-10-14T10:17:55","slug":"services","status":"publish","type":"page","link":"https:\/\/www.hdsecurity.be\/index.php\/services\/","title":{"rendered":"Services"},"content":{"rendered":"\n<p>Chez <strong>HD Security<\/strong>, nous offrons une gamme compl\u00e8te de solutions pour s\u00e9curiser et faciliter l&rsquo;acc\u00e8s \u00e0 votre propri\u00e9t\u00e9.<\/p>\n\n\n\n<p>Nos services incluent :<\/p>\n\n\n\n<ul class=\"wp-block-list\">\n<li><strong>Installation de Cam\u00e9ras de S\u00e9curit\u00e9<\/strong> : Gardez un \u0153il sur votre propri\u00e9t\u00e9 \u00e0 tout moment, o\u00f9 que vous soyez, gr\u00e2ce \u00e0 des solutions de surveillance de pointe.<\/li>\n\n\n\n<li><strong>Syst\u00e8mes d&rsquo;Alarme sur Mesure<\/strong> : Prot\u00e9gez vos biens et vos proches avec des syst\u00e8mes d&rsquo;alarme fiables et faciles \u00e0 utiliser.<\/li>\n\n\n\n<li><strong>Automatisation de Portails et Vid\u00e9ophonie Connect\u00e9e<\/strong> : Combinez confort, s\u00e9curit\u00e9 et contr\u00f4le avec nos solutions d\u2019automatisation de portails, coupl\u00e9es \u00e0 des syst\u00e8mes de vid\u00e9o parlophone connect\u00e9s. Vous pouvez ainsi voir et communiquer avec vos visiteurs avant d&rsquo;ouvrir \u00e0 distance votre portail, tout en conservant une gestion s\u00e9curis\u00e9e des acc\u00e8s.<\/li>\n<\/ul>\n\n\n\n<p>Chaque projet est une opportunit\u00e9 pour nous de fournir tranquillit\u00e9 d&rsquo;esprit et satisfaction.<\/p>\n\n\n\n<figure class=\"wp-block-image size-full is-resized\"><img loading=\"lazy\" decoding=\"async\" width=\"736\" height=\"399\" src=\"http:\/\/hdsecur.cluster027.hosting.ovh.net\/wp-content\/uploads\/2024\/10\/hdsecurity-application-connectee-1.jpg\" alt=\"\" class=\"wp-image-240\" style=\"width:669px;height:auto\" srcset=\"https:\/\/www.hdsecurity.be\/wp-content\/uploads\/2024\/10\/hdsecurity-application-connectee-1.jpg 736w, https:\/\/www.hdsecurity.be\/wp-content\/uploads\/2024\/10\/hdsecurity-application-connectee-1-300x163.jpg 300w\" sizes=\"auto, (max-width: 736px) 100vw, 736px\" \/><\/figure>\n","protected":false},"excerpt":{"rendered":"<p>Chez HD Security, nous offrons une gamme compl\u00e8te de solutions pour s\u00e9curiser et faciliter l&rsquo;acc\u00e8s \u00e0 votre propri\u00e9t\u00e9. Nos services incluent : Chaque projet est une opportunit\u00e9 pour nous de fournir tranquillit\u00e9 d&rsquo;esprit et satisfaction.<\/p>\n","protected":false},"author":1,"featured_media":0,"parent":0,"menu_order":0,"comment_status":"closed","ping_status":"closed","template":"","meta":{"footnotes":""},"class_list":["post-64","page","type-page","status-publish","hentry"],"yoast_head":"<!-- This site is optimized with the Yoast SEO plugin v26.8 - https:\/\/yoast.com\/product\/yoast-seo-wordpress\/ -->\n<title>Services - HDSecurity<\/title>\n<meta name=\"robots\" content=\"index, follow, max-snippet:-1, max-image-preview:large, max-video-preview:-1\" \/>\n<link rel=\"canonical\" href=\"https:\/\/www.hdsecurity.be\/index.php\/services\/\" \/>\n<meta property=\"og:locale\" content=\"fr_FR\" \/>\n<meta property=\"og:type\" content=\"article\" \/>\n<meta property=\"og:title\" content=\"Services - HDSecurity\" \/>\n<meta property=\"og:description\" content=\"Chez HD Security, nous offrons une gamme compl\u00e8te de solutions pour s\u00e9curiser et faciliter l&rsquo;acc\u00e8s \u00e0 votre propri\u00e9t\u00e9. Nos services incluent : Chaque projet est une opportunit\u00e9 pour nous de fournir tranquillit\u00e9 d&rsquo;esprit et satisfaction.\" \/>\n<meta property=\"og:url\" content=\"https:\/\/www.hdsecurity.be\/index.php\/services\/\" \/>\n<meta property=\"og:site_name\" content=\"HDSecurity\" \/>\n<meta property=\"article:publisher\" content=\"https:\/\/www.facebook.com\/Degauquierherve\" \/>\n<meta property=\"article:modified_time\" content=\"2024-10-14T10:17:55+00:00\" \/>\n<meta property=\"og:image\" content=\"https:\/\/www.hdsecurity.be\/wp-content\/uploads\/2024\/10\/hdsecurity-application-connectee-1.jpg\" \/>\n\t<meta property=\"og:image:width\" content=\"736\" \/>\n\t<meta property=\"og:image:height\" content=\"399\" \/>\n\t<meta property=\"og:image:type\" content=\"image\/jpeg\" \/>\n<meta name=\"twitter:card\" content=\"summary_large_image\" \/>\n<meta name=\"twitter:label1\" content=\"Dur\u00e9e de lecture estim\u00e9e\" \/>\n\t<meta name=\"twitter:data1\" content=\"1 minute\" \/>\n<script type=\"application\/ld+json\" class=\"yoast-schema-graph\">{\"@context\":\"https:\/\/schema.org\",\"@graph\":[{\"@type\":\"WebPage\",\"@id\":\"https:\/\/www.hdsecurity.be\/index.php\/services\/\",\"url\":\"https:\/\/www.hdsecurity.be\/index.php\/services\/\",\"name\":\"Services - HDSecurity\",\"isPartOf\":{\"@id\":\"https:\/\/www.hdsecurity.be\/#website\"},\"primaryImageOfPage\":{\"@id\":\"https:\/\/www.hdsecurity.be\/index.php\/services\/#primaryimage\"},\"image\":{\"@id\":\"https:\/\/www.hdsecurity.be\/index.php\/services\/#primaryimage\"},\"thumbnailUrl\":\"http:\/\/hdsecur.cluster027.hosting.ovh.net\/wp-content\/uploads\/2024\/10\/hdsecurity-application-connectee-1.jpg\",\"datePublished\":\"2024-02-25T13:26:14+00:00\",\"dateModified\":\"2024-10-14T10:17:55+00:00\",\"breadcrumb\":{\"@id\":\"https:\/\/www.hdsecurity.be\/index.php\/services\/#breadcrumb\"},\"inLanguage\":\"fr-FR\",\"potentialAction\":[{\"@type\":\"ReadAction\",\"target\":[\"https:\/\/www.hdsecurity.be\/index.php\/services\/\"]}]},{\"@type\":\"ImageObject\",\"inLanguage\":\"fr-FR\",\"@id\":\"https:\/\/www.hdsecurity.be\/index.php\/services\/#primaryimage\",\"url\":\"http:\/\/hdsecur.cluster027.hosting.ovh.net\/wp-content\/uploads\/2024\/10\/hdsecurity-application-connectee-1.jpg\",\"contentUrl\":\"http:\/\/hdsecur.cluster027.hosting.ovh.net\/wp-content\/uploads\/2024\/10\/hdsecurity-application-connectee-1.jpg\"},{\"@type\":\"BreadcrumbList\",\"@id\":\"https:\/\/www.hdsecurity.be\/index.php\/services\/#breadcrumb\",\"itemListElement\":[{\"@type\":\"ListItem\",\"position\":1,\"name\":\"Accueil\",\"item\":\"https:\/\/www.hdsecurity.be\/\"},{\"@type\":\"ListItem\",\"position\":2,\"name\":\"Services\"}]},{\"@type\":\"WebSite\",\"@id\":\"https:\/\/www.hdsecurity.be\/#website\",\"url\":\"https:\/\/www.hdsecurity.be\/\",\"name\":\"HDSecurity - Installation de Syst\u00e8mes d'alarme et de s\u00e9curit\u00e9\",\"description\":\"\",\"publisher\":{\"@id\":\"https:\/\/www.hdsecurity.be\/#organization\"},\"potentialAction\":[{\"@type\":\"SearchAction\",\"target\":{\"@type\":\"EntryPoint\",\"urlTemplate\":\"https:\/\/www.hdsecurity.be\/?s={search_term_string}\"},\"query-input\":{\"@type\":\"PropertyValueSpecification\",\"valueRequired\":true,\"valueName\":\"search_term_string\"}}],\"inLanguage\":\"fr-FR\"},{\"@type\":\"Organization\",\"@id\":\"https:\/\/www.hdsecurity.be\/#organization\",\"name\":\"HDSecurity SRL\",\"url\":\"https:\/\/www.hdsecurity.be\/\",\"logo\":{\"@type\":\"ImageObject\",\"inLanguage\":\"fr-FR\",\"@id\":\"https:\/\/www.hdsecurity.be\/#\/schema\/logo\/image\/\",\"url\":\"https:\/\/www.hdsecurity.be\/wp-content\/uploads\/2024\/02\/logo-bgwhite-horizontal.png\",\"contentUrl\":\"https:\/\/www.hdsecurity.be\/wp-content\/uploads\/2024\/02\/logo-bgwhite-horizontal.png\",\"width\":3083,\"height\":1037,\"caption\":\"HDSecurity SRL\"},\"image\":{\"@id\":\"https:\/\/www.hdsecurity.be\/#\/schema\/logo\/image\/\"},\"sameAs\":[\"https:\/\/www.facebook.com\/Degauquierherve\"]}]}<\/script>\n<!-- \/ Yoast SEO plugin. -->","yoast_head_json":{"title":"Services - HDSecurity","robots":{"index":"index","follow":"follow","max-snippet":"max-snippet:-1","max-image-preview":"max-image-preview:large","max-video-preview":"max-video-preview:-1"},"canonical":"https:\/\/www.hdsecurity.be\/index.php\/services\/","og_locale":"fr_FR","og_type":"article","og_title":"Services - HDSecurity","og_description":"Chez HD Security, nous offrons une gamme compl\u00e8te de solutions pour s\u00e9curiser et faciliter l&rsquo;acc\u00e8s \u00e0 votre propri\u00e9t\u00e9. Nos services incluent : Chaque projet est une opportunit\u00e9 pour nous de fournir tranquillit\u00e9 d&rsquo;esprit et satisfaction.","og_url":"https:\/\/www.hdsecurity.be\/index.php\/services\/","og_site_name":"HDSecurity","article_publisher":"https:\/\/www.facebook.com\/Degauquierherve","article_modified_time":"2024-10-14T10:17:55+00:00","og_image":[{"width":736,"height":399,"url":"https:\/\/www.hdsecurity.be\/wp-content\/uploads\/2024\/10\/hdsecurity-application-connectee-1.jpg","type":"image\/jpeg"}],"twitter_card":"summary_large_image","twitter_misc":{"Dur\u00e9e de lecture estim\u00e9e":"1 minute"},"schema":{"@context":"https:\/\/schema.org","@graph":[{"@type":"WebPage","@id":"https:\/\/www.hdsecurity.be\/index.php\/services\/","url":"https:\/\/www.hdsecurity.be\/index.php\/services\/","name":"Services - HDSecurity","isPartOf":{"@id":"https:\/\/www.hdsecurity.be\/#website"},"primaryImageOfPage":{"@id":"https:\/\/www.hdsecurity.be\/index.php\/services\/#primaryimage"},"image":{"@id":"https:\/\/www.hdsecurity.be\/index.php\/services\/#primaryimage"},"thumbnailUrl":"http:\/\/hdsecur.cluster027.hosting.ovh.net\/wp-content\/uploads\/2024\/10\/hdsecurity-application-connectee-1.jpg","datePublished":"2024-02-25T13:26:14+00:00","dateModified":"2024-10-14T10:17:55+00:00","breadcrumb":{"@id":"https:\/\/www.hdsecurity.be\/index.php\/services\/#breadcrumb"},"inLanguage":"fr-FR","potentialAction":[{"@type":"ReadAction","target":["https:\/\/www.hdsecurity.be\/index.php\/services\/"]}]},{"@type":"ImageObject","inLanguage":"fr-FR","@id":"https:\/\/www.hdsecurity.be\/index.php\/services\/#primaryimage","url":"http:\/\/hdsecur.cluster027.hosting.ovh.net\/wp-content\/uploads\/2024\/10\/hdsecurity-application-connectee-1.jpg","contentUrl":"http:\/\/hdsecur.cluster027.hosting.ovh.net\/wp-content\/uploads\/2024\/10\/hdsecurity-application-connectee-1.jpg"},{"@type":"BreadcrumbList","@id":"https:\/\/www.hdsecurity.be\/index.php\/services\/#breadcrumb","itemListElement":[{"@type":"ListItem","position":1,"name":"Accueil","item":"https:\/\/www.hdsecurity.be\/"},{"@type":"ListItem","position":2,"name":"Services"}]},{"@type":"WebSite","@id":"https:\/\/www.hdsecurity.be\/#website","url":"https:\/\/www.hdsecurity.be\/","name":"HDSecurity - Installation de Syst\u00e8mes d'alarme et de s\u00e9curit\u00e9","description":"","publisher":{"@id":"https:\/\/www.hdsecurity.be\/#organization"},"potentialAction":[{"@type":"SearchAction","target":{"@type":"EntryPoint","urlTemplate":"https:\/\/www.hdsecurity.be\/?s={search_term_string}"},"query-input":{"@type":"PropertyValueSpecification","valueRequired":true,"valueName":"search_term_string"}}],"inLanguage":"fr-FR"},{"@type":"Organization","@id":"https:\/\/www.hdsecurity.be\/#organization","name":"HDSecurity SRL","url":"https:\/\/www.hdsecurity.be\/","logo":{"@type":"ImageObject","inLanguage":"fr-FR","@id":"https:\/\/www.hdsecurity.be\/#\/schema\/logo\/image\/","url":"https:\/\/www.hdsecurity.be\/wp-content\/uploads\/2024\/02\/logo-bgwhite-horizontal.png","contentUrl":"https:\/\/www.hdsecurity.be\/wp-content\/uploads\/2024\/02\/logo-bgwhite-horizontal.png","width":3083,"height":1037,"caption":"HDSecurity SRL"},"image":{"@id":"https:\/\/www.hdsecurity.be\/#\/schema\/logo\/image\/"},"sameAs":["https:\/\/www.facebook.com\/Degauquierherve"]}]}},"_links":{"self":[{"href":"https:\/\/www.hdsecurity.be\/index.php\/wp-json\/wp\/v2\/pages\/64","targetHints":{"allow":["GET"]}}],"collection":[{"href":"https:\/\/www.hdsecurity.be\/index.php\/wp-json\/wp\/v2\/pages"}],"about":[{"href":"https:\/\/www.hdsecurity.be\/index.php\/wp-json\/wp\/v2\/types\/page"}],"author":[{"embeddable":true,"href":"https:\/\/www.hdsecurity.be\/index.php\/wp-json\/wp\/v2\/users\/1"}],"replies":[{"embeddable":true,"href":"https:\/\/www.hdsecurity.be\/index.php\/wp-json\/wp\/v2\/comments?post=64"}],"version-history":[{"count":3,"href":"https:\/\/www.hdsecurity.be\/index.php\/wp-json\/wp\/v2\/pages\/64\/revisions"}],"predecessor-version":[{"id":241,"href":"https:\/\/www.hdsecurity.be\/index.php\/wp-json\/wp\/v2\/pages\/64\/revisions\/241"}],"wp:attachment":[{"href":"https:\/\/www.hdsecurity.be\/index.php\/wp-json\/wp\/v2\/media?parent=64"}],"curies":[{"name":"wp","href":"https:\/\/api.w.org\/{rel}","templated":true}]}}